{"id":31,"date":"2020-03-30T14:10:27","date_gmt":"2020-03-30T12:10:27","guid":{"rendered":"https:\/\/orthopaedie-harlaching.de\/wp20\/?page_id=31"},"modified":"2020-04-08T10:12:57","modified_gmt":"2020-04-08T08:12:57","slug":"kontakt","status":"publish","type":"page","link":"https:\/\/orthopaedie-harlaching.de\/wp20\/kontakt\/","title":{"rendered":"Kontakt"},"content":{"rendered":"<p><div class=\"fusion-fullwidth fullwidth-box fusion-builder-row-1 nonhundred-percent-fullwidth non-hundred-percent-height-scrolling\" style=\"background-color: rgba(255,255,255,0);background-position: center center;background-repeat: no-repeat;padding-top:0px;padding-right:0px;padding-bottom:0px;padding-left:0px;margin-bottom: 0px;margin-top: 0px;border-width: 0px 0px 0px 0px;border-color:#e2e2e2;border-style:solid;\" ><div class=\"fusion-builder-row fusion-row\"><div class=\"fusion-layout-column fusion_builder_column fusion-builder-column-0 fusion_builder_column_1_1 1_1 fusion-one-full fusion-column-first fusion-column-last\" style=\"margin-top:0px;margin-bottom:20px;\"><div class=\"fusion-column-wrapper fusion-flex-column-wrapper-legacy\" style=\"background-position:left top;background-repeat:no-repeat;-webkit-background-size:cover;-moz-background-size:cover;-o-background-size:cover;background-size:cover;padding: 0px 0px 0px 0px;\"><style type=\"text\/css\"><\/style><div class=\"fusion-title title fusion-title-1 fusion-sep-none fusion-title-text fusion-title-size-one\" style=\"margin-top:10px;margin-right:0px;margin-bottom:15px;margin-left:0px;\"><h1 class=\"title-heading-left\" style=\"margin:0;\">Kontakt<\/h1><\/div><div class=\"fusion-clearfix\"><\/div><\/div><\/div><\/div><\/div><div class=\"fusion-fullwidth fullwidth-box fusion-builder-row-2 nonhundred-percent-fullwidth non-hundred-percent-height-scrolling\" style=\"background-color: rgba(255,255,255,0);background-position: center center;background-repeat: no-repeat;padding-top:0px;padding-right:0px;padding-bottom:0px;padding-left:0px;margin-bottom: 0px;margin-top: 0px;border-width: 0px 0px 0px 0px;border-color:#e2e2e2;border-style:solid;\" ><div class=\"fusion-builder-row fusion-row\"><div class=\"fusion-layout-column fusion_builder_column fusion-builder-column-1 fusion_builder_column_1_2 1_2 fusion-one-half fusion-column-first\" style=\"width:50%;width:calc(50% - ( ( 4% ) * 0.5 ) );margin-right: 4%;margin-top:0px;margin-bottom:20px;\"><div class=\"fusion-column-wrapper fusion-flex-column-wrapper-legacy\" style=\"background-position:left top;background-repeat:no-repeat;-webkit-background-size:cover;-moz-background-size:cover;-o-background-size:cover;background-size:cover;padding: 0px 0px 0px 0px;\"><div class=\"fusion-text fusion-text-1\"><p><strong>F\u00fcr die Vereinbarung von Terminen rufen Sie uns bitte telefonisch an unter<br \/>\n(0 89) 64 25 62 44 oder nutzen Sie unsere <a href=\"https:\/\/www.doctolib.de\/orthopadie\/muenchen\/dietmar-muller?insurance_sector=public&amp;locale=de&amp;pid=practice-45960&amp;practitioner_id=any&amp;speciality_id=1581&amp;visit_motive_category_id=&amp;vmid=722926\" target=\"_blank\" rel=\"noopener noreferrer\">Online-Terminvergabe<\/a>.<\/strong><br \/>\n<strong> Vielen Dank<\/strong><\/p>\n<\/div><div class=\"fusion-text fusion-text-2\"><div role=\"form\" class=\"wpcf7\" id=\"wpcf7-f82-o1\" lang=\"de-DE\" dir=\"ltr\">\n<div class=\"screen-reader-response\"><p role=\"status\" aria-live=\"polite\" aria-atomic=\"true\"><\/p> <ul><\/ul><\/div>\n<form action=\"\/wp20\/wp-json\/wp\/v2\/pages\/31#wpcf7-f82-o1\" method=\"post\" class=\"wpcf7-form init\" novalidate=\"novalidate\" data-status=\"init\">\n<div style=\"display: none;\">\n<input type=\"hidden\" name=\"_wpcf7\" value=\"82\" \/>\n<input type=\"hidden\" name=\"_wpcf7_version\" value=\"5.4\" \/>\n<input type=\"hidden\" name=\"_wpcf7_locale\" value=\"de_DE\" \/>\n<input type=\"hidden\" name=\"_wpcf7_unit_tag\" value=\"wpcf7-f82-o1\" \/>\n<input type=\"hidden\" name=\"_wpcf7_container_post\" value=\"0\" \/>\n<input type=\"hidden\" name=\"_wpcf7_posted_data_hash\" value=\"\" \/>\n<input type=\"hidden\" name=\"_wpcf7_recaptcha_response\" value=\"\" \/>\n<\/div>\n<p>[honeypot your-name]<\/p>\n<p><label> Ihr Name (Pflichtfeld)<br \/>\n    <span class=\"wpcf7-form-control-wrap your-name\"><input type=\"text\" name=\"your-name\" value=\"\" size=\"40\" class=\"wpcf7-form-control wpcf7-text wpcf7-validates-as-required\" aria-required=\"true\" aria-invalid=\"false\" \/><\/span> <\/label><\/p>\n<p><label> Ihre E-Mail-Adresse (Pflichtfeld)<br \/>\n    <span class=\"wpcf7-form-control-wrap your-email\"><input type=\"email\" name=\"your-email\" value=\"\" size=\"40\" class=\"wpcf7-form-control wpcf7-text wpcf7-email wpcf7-validates-as-required wpcf7-validates-as-email\" aria-required=\"true\" aria-invalid=\"false\" \/><\/span> <\/label><\/p>\n<p><label> Betreff<br \/>\n    <span class=\"wpcf7-form-control-wrap your-subject\"><input type=\"text\" name=\"your-subject\" value=\"\" size=\"40\" class=\"wpcf7-form-control wpcf7-text\" aria-invalid=\"false\" \/><\/span> <\/label><\/p>\n<p><label> Deine Nachricht<br \/>\n    <span class=\"wpcf7-form-control-wrap your-message\"><textarea name=\"your-message\" cols=\"40\" rows=\"10\" class=\"wpcf7-form-control wpcf7-textarea\" aria-invalid=\"false\"><\/textarea><\/span> <\/label><\/p>\n<p><input type=\"submit\" value=\"Senden\" class=\"wpcf7-form-control wpcf7-submit\" \/><\/p>\n<div class=\"fusion-alert alert custom alert-custom fusion-alert-center wpcf7-response-output alert-dismissable\" style=\"border-width:1px;\"><button type=\"button\" class=\"close toggle-alert\" data-dismiss=\"alert\" aria-hidden=\"true\">&times;<\/button><div class=\"fusion-alert-content-wrapper\"><span class=\"fusion-alert-content\"><\/span><\/div><\/div><\/form><\/div>\n<\/div><div class=\"fusion-clearfix\"><\/div><\/div><\/div><div class=\"fusion-layout-column fusion_builder_column fusion-builder-column-2 fusion_builder_column_1_2 1_2 fusion-one-half fusion-column-last\" style=\"width:50%;width:calc(50% - ( ( 4% ) * 0.5 ) );margin-top:0px;margin-bottom:20px;\"><div class=\"fusion-column-wrapper fusion-flex-column-wrapper-legacy\" style=\"background-position:left top;background-repeat:no-repeat;-webkit-background-size:cover;-moz-background-size:cover;-o-background-size:cover;background-size:cover;padding: 0px 0px 0px 0px;\"><div class=\"fusion-text fusion-text-3\"><p><strong>Orthop\u00e4dische Praxis Harlaching<\/strong><br \/>\nGr\u00fcnwalder Stra\u00dfe 190<br \/>\n81545 M\u00fcnchen<br \/>\nTel. 089 \u2013 642 56 244<\/p>\n<p><a href=\"http:\/\/www.orthopaedie-harlaching.de\">www.orthopaedie-harlaching.de<\/a><\/p>\n<p>Parken ist auf der Stra\u00dfe m\u00f6glich, ausgewiesene Parkpl\u00e4tze stehen nicht zur Verf\u00fcgung.<\/p>\n<p>Sie erreichen uns mit den \u00f6ffentlichen Verkehrsmitteln mit der <strong>Tram 15<\/strong> oder <strong>Tram 25<\/strong>, Haltestelle <strong>Tiroler Platz<\/strong>. <a href=\"https:\/\/www.mvg.de\/\">https:\/\/www.mvg.de\/<\/a><\/p>\n<\/div><div class=\"fusion-text fusion-text-4\"><p><iframe style=\"border: 0;\" src=\"https:\/\/www.google.com\/maps\/embed?pb=!1m18!1m12!1m3!1d2664.755678674229!2d11.560924515647587!3d48.09565657922021!2m3!1f0!2f0!3f0!3m2!1i1024!2i768!4f13.1!3m3!1m2!1s0x479ddee1e1eed273%3A0xd72b3b5c84064b76!2sUntergiesing-Harlaching%2C+Gr%C3%BCnwalder+Str.+190%2C+81545+M%C3%BCnchen!5e0!3m2!1sde!2sde!4v1467282737128\" width=\"600\" height=\"450\" frameborder=\"0\" allowfullscreen=\"allowfullscreen\"><\/iframe><\/p>\n<\/div><div class=\"fusion-clearfix\"><\/div><\/div><\/div><\/div><\/div><\/p>\n","protected":false},"excerpt":{"rendered":"","protected":false},"author":1,"featured_media":0,"parent":0,"menu_order":0,"comment_status":"closed","ping_status":"closed","template":"","meta":[],"yoast_head":"<!-- This site is optimized with the Yoast SEO plugin v16.1.1 - https:\/\/yoast.com\/wordpress\/plugins\/seo\/ -->\n<title>Kontakt - Orthop\u00e4dische Praxis M\u00fcnchen-Harlaching<\/title>\n<link rel=\"canonical\" href=\"https:\/\/orthopaedie-harlaching.de\/wp20\/kontakt\/\" \/>\n<meta property=\"og:locale\" content=\"de_DE\" \/>\n<meta property=\"og:type\" content=\"article\" \/>\n<meta property=\"og:title\" content=\"Kontakt - Orthop\u00e4dische Praxis M\u00fcnchen-Harlaching\" \/>\n<meta property=\"og:url\" content=\"https:\/\/orthopaedie-harlaching.de\/wp20\/kontakt\/\" \/>\n<meta property=\"og:site_name\" content=\"Orthop\u00e4dische Praxis M\u00fcnchen-Harlaching\" \/>\n<meta property=\"article:modified_time\" content=\"2020-04-08T08:12:57+00:00\" \/>\n<meta name=\"twitter:card\" content=\"summary_large_image\" \/>\n<meta name=\"twitter:label1\" content=\"Gesch\u00e4tzte Lesezeit\">\n\t<meta name=\"twitter:data1\" content=\"6\u00a0Minuten\">\n<script type=\"application\/ld+json\" class=\"yoast-schema-graph\">{\"@context\":\"https:\/\/schema.org\",\"@graph\":[{\"@type\":\"WebSite\",\"@id\":\"https:\/\/orthopaedie-harlaching.de\/wp20\/#website\",\"url\":\"https:\/\/orthopaedie-harlaching.de\/wp20\/\",\"name\":\"Orthop\\u00e4dische Praxis M\\u00fcnchen-Harlaching\",\"description\":\"Dr. med. Dietmar M\\u00fcller\",\"potentialAction\":[{\"@type\":\"SearchAction\",\"target\":\"https:\/\/orthopaedie-harlaching.de\/wp20\/?s={search_term_string}\",\"query-input\":\"required name=search_term_string\"}],\"inLanguage\":\"de\"},{\"@type\":\"WebPage\",\"@id\":\"https:\/\/orthopaedie-harlaching.de\/wp20\/kontakt\/#webpage\",\"url\":\"https:\/\/orthopaedie-harlaching.de\/wp20\/kontakt\/\",\"name\":\"Kontakt - Orthop\\u00e4dische Praxis M\\u00fcnchen-Harlaching\",\"isPartOf\":{\"@id\":\"https:\/\/orthopaedie-harlaching.de\/wp20\/#website\"},\"datePublished\":\"2020-03-30T12:10:27+00:00\",\"dateModified\":\"2020-04-08T08:12:57+00:00\",\"breadcrumb\":{\"@id\":\"https:\/\/orthopaedie-harlaching.de\/wp20\/kontakt\/#breadcrumb\"},\"inLanguage\":\"de\",\"potentialAction\":[{\"@type\":\"ReadAction\",\"target\":[\"https:\/\/orthopaedie-harlaching.de\/wp20\/kontakt\/\"]}]},{\"@type\":\"BreadcrumbList\",\"@id\":\"https:\/\/orthopaedie-harlaching.de\/wp20\/kontakt\/#breadcrumb\",\"itemListElement\":[{\"@type\":\"ListItem\",\"position\":1,\"item\":{\"@type\":\"WebPage\",\"@id\":\"https:\/\/orthopaedie-harlaching.de\/wp20\/\",\"url\":\"https:\/\/orthopaedie-harlaching.de\/wp20\/\",\"name\":\"Startseite\"}},{\"@type\":\"ListItem\",\"position\":2,\"item\":{\"@type\":\"WebPage\",\"@id\":\"https:\/\/orthopaedie-harlaching.de\/wp20\/kontakt\/\",\"url\":\"https:\/\/orthopaedie-harlaching.de\/wp20\/kontakt\/\",\"name\":\"Kontakt\"}}]}]}<\/script>\n<!-- \/ Yoast SEO plugin. -->","_links":{"self":[{"href":"https:\/\/orthopaedie-harlaching.de\/wp20\/wp-json\/wp\/v2\/pages\/31"}],"collection":[{"href":"https:\/\/orthopaedie-harlaching.de\/wp20\/wp-json\/wp\/v2\/pages"}],"about":[{"href":"https:\/\/orthopaedie-harlaching.de\/wp20\/wp-json\/wp\/v2\/types\/page"}],"author":[{"embeddable":true,"href":"https:\/\/orthopaedie-harlaching.de\/wp20\/wp-json\/wp\/v2\/users\/1"}],"replies":[{"embeddable":true,"href":"https:\/\/orthopaedie-harlaching.de\/wp20\/wp-json\/wp\/v2\/comments?post=31"}],"version-history":[{"count":5,"href":"https:\/\/orthopaedie-harlaching.de\/wp20\/wp-json\/wp\/v2\/pages\/31\/revisions"}],"predecessor-version":[{"id":84,"href":"https:\/\/orthopaedie-harlaching.de\/wp20\/wp-json\/wp\/v2\/pages\/31\/revisions\/84"}],"wp:attachment":[{"href":"https:\/\/orthopaedie-harlaching.de\/wp20\/wp-json\/wp\/v2\/media?parent=31"}],"curies":[{"name":"wp","href":"https:\/\/api.w.org\/{rel}","templated":true}]}}