{"id":36,"date":"2020-03-30T14:13:57","date_gmt":"2020-03-30T12:13:57","guid":{"rendered":"https:\/\/orthopaedie-harlaching.de\/wp20\/?page_id=36"},"modified":"2020-03-30T14:13:57","modified_gmt":"2020-03-30T12:13:57","slug":"sozialmedizinische-beratung","status":"publish","type":"page","link":"https:\/\/orthopaedie-harlaching.de\/wp20\/sozialmedizinische-beratung\/","title":{"rendered":"Sozialmedizinische Beratung"},"content":{"rendered":"<p><div class=\"fusion-fullwidth fullwidth-box fusion-builder-row-1 nonhundred-percent-fullwidth non-hundred-percent-height-scrolling\" style=\"background-color: rgba(255,255,255,0);background-position: center center;background-repeat: no-repeat;padding-top:0px;padding-right:0px;padding-bottom:0px;padding-left:0px;margin-bottom: 0px;margin-top: 0px;border-width: 0px 0px 0px 0px;border-color:#e2e2e2;border-style:solid;\" ><div class=\"fusion-builder-row fusion-row\"><div class=\"fusion-layout-column fusion_builder_column fusion-builder-column-0 fusion_builder_column_1_1 1_1 fusion-one-full fusion-column-first fusion-column-last\" style=\"margin-top:0px;margin-bottom:20px;\"><div class=\"fusion-column-wrapper fusion-flex-column-wrapper-legacy\" style=\"background-position:left top;background-repeat:no-repeat;-webkit-background-size:cover;-moz-background-size:cover;-o-background-size:cover;background-size:cover;padding: 0px 0px 0px 0px;\"><style type=\"text\/css\"><\/style><div class=\"fusion-title title fusion-title-1 fusion-sep-none fusion-title-text fusion-title-size-one\" style=\"margin-top:10px;margin-right:0px;margin-bottom:15px;margin-left:0px;\"><h1 class=\"title-heading-left\" style=\"margin:0;\">Sozialmedizinische Beratung<\/h1><\/div><div class=\"fusion-clearfix\"><\/div><\/div><\/div><\/div><\/div><div class=\"fusion-fullwidth fullwidth-box fusion-builder-row-2 nonhundred-percent-fullwidth non-hundred-percent-height-scrolling\" style=\"background-color: rgba(255,255,255,0);background-position: center center;background-repeat: no-repeat;padding-top:0px;padding-right:0px;padding-bottom:0px;padding-left:0px;margin-bottom: 0px;margin-top: 0px;border-width: 0px 0px 0px 0px;border-color:#e2e2e2;border-style:solid;\" ><div class=\"fusion-builder-row fusion-row\"><div class=\"fusion-layout-column fusion_builder_column fusion-builder-column-1 fusion_builder_column_1_2 1_2 fusion-one-half fusion-column-first\" style=\"width:50%;width:calc(50% - ( ( 4% ) * 0.5 ) );margin-right: 4%;margin-top:0px;margin-bottom:20px;\"><div class=\"fusion-column-wrapper fusion-flex-column-wrapper-legacy\" style=\"background-position:left top;background-repeat:no-repeat;-webkit-background-size:cover;-moz-background-size:cover;-o-background-size:cover;background-size:cover;padding: 0px 0px 0px 0px;\"><div class=\"fusion-text fusion-text-1\"><p>M\u00f6glicherweise haben Sie den Begriff <strong>Sozialmedizin<\/strong> noch nie geh\u00f6rt. Doch sie ist f\u00fcr jeden von Bedeutung. Sozialmedizin besch\u00e4ftigt sich mit der Schnittstelle zwischen Gesundheit\/Krankheit und den verschiedenen Sozialversicherungstr\u00e4gern (gesetzliche Krankenkassen, Rentenversicherungen und Berufsgenossenschaften). Somit ist die Sozialmedizin u.a. zust\u00e4ndig, wenn es um Gutachten und Leistungen in folgenden Bereichen geht:<\/p>\n<ul>\n<li>Arbeitsunf\u00e4higkeit<\/li>\n<li>Krankentagegeld<\/li>\n<li>Schwerbehinderung<\/li>\n<li>Rehabilitation<\/li>\n<li>Pflege<\/li>\n<li>Rente<\/li>\n<\/ul>\n<p>Aufgrund <strong>langj\u00e4hriger Gutachtert\u00e4tigkeit<\/strong> f\u00fcr Sozialversicherungstr\u00e4ger ist <strong>Dr. M\u00fcller<\/strong> erfahren im Umgang mit Bedingungen, Voraussetzungen und Problemen bei der der Beantragung von Leistungen und der Auseinandersetzung mit Sozialversicherungstr\u00e4gern oder privaten Unfallversicherungen.<\/p>\n<p>Bereits bei der Beantragung von Leistungen k\u00f6nnen \u2013 ohne entsprechende Erfahrung \u2013 Fehler passieren, die zur Ablehnung des Antrags f\u00fchren k\u00f6nnen, obwohl der Patient zum Empfang berechtigt w\u00e4re.<\/p>\n<p>Dr. M\u00fcller unterst\u00fctzt Sie mit kompetenter Beratung. Langwierige Auseinandersetzungen mit den Versicherungen und Leistungserbringern sowie finanzieller Schaden kann dadurch vermieden oder minimiert werden.<\/p>\n<\/div><div class=\"fusion-clearfix\"><\/div><\/div><\/div><div class=\"fusion-layout-column fusion_builder_column fusion-builder-column-2 fusion_builder_column_1_2 1_2 fusion-one-half fusion-column-last\" style=\"width:50%;width:calc(50% - ( ( 4% ) * 0.5 ) );margin-top:0px;margin-bottom:20px;\"><div class=\"fusion-column-wrapper fusion-flex-column-wrapper-legacy\" style=\"background-position:left top;background-repeat:no-repeat;-webkit-background-size:cover;-moz-background-size:cover;-o-background-size:cover;background-size:cover;padding: 0px 0px 0px 0px;\"><div class=\"fusion-text fusion-text-2\"><p><strong>Was Sie erwarten k\u00f6nnen:<\/strong><\/p>\n<blockquote>\n<p>Kompetente, fachkundige und ehrliche Beratung zu Ihrem individuellen Fall.<\/p>\n<\/blockquote>\n<ul>\n<li>Beratung zu Arbeitsunf\u00e4higkeit, Krankentagegeld, Schwerbehinderung, Rehabilitation und Rente bei orthop\u00e4dischen Erkrankungen oder Ursachen sowie damit in Zusammenhang stehenden Beschwerden (z.B. chronische Schmerzst\u00f6rungen)<\/li>\n<li>Beratung bei K\u00fcndigungen wegen Arbeitsunf\u00e4higkeit<\/li>\n<li>Unterst\u00fctzung und Begleitung der Beantragung von Leistungen beim entsprechenden Sozialversicherungstr\u00e4ger<\/li>\n<li>Erstellung von Gutachten als gerichtlich eingesetzter Wunschgutachter nach \u00a7109 SGG (Sozialgerichtsgesetz)<\/li>\n<\/ul>\n<\/div><div class=\"fusion-clearfix\"><\/div><\/div><\/div><\/div><\/div><\/p>\n","protected":false},"excerpt":{"rendered":"","protected":false},"author":1,"featured_media":0,"parent":0,"menu_order":0,"comment_status":"closed","ping_status":"closed","template":"","meta":[],"yoast_head":"<!-- This site is optimized with the Yoast SEO plugin v16.1.1 - https:\/\/yoast.com\/wordpress\/plugins\/seo\/ -->\n<title>Sozialmedizinische Beratung - Orthop\u00e4dische Praxis M\u00fcnchen-Harlaching<\/title>\n<link rel=\"canonical\" href=\"https:\/\/orthopaedie-harlaching.de\/wp20\/sozialmedizinische-beratung\/\" \/>\n<meta property=\"og:locale\" content=\"de_DE\" \/>\n<meta property=\"og:type\" content=\"article\" \/>\n<meta property=\"og:title\" content=\"Sozialmedizinische Beratung - Orthop\u00e4dische Praxis M\u00fcnchen-Harlaching\" \/>\n<meta property=\"og:url\" content=\"https:\/\/orthopaedie-harlaching.de\/wp20\/sozialmedizinische-beratung\/\" \/>\n<meta property=\"og:site_name\" content=\"Orthop\u00e4dische Praxis M\u00fcnchen-Harlaching\" \/>\n<meta name=\"twitter:card\" content=\"summary_large_image\" \/>\n<meta name=\"twitter:label1\" content=\"Gesch\u00e4tzte Lesezeit\">\n\t<meta name=\"twitter:data1\" content=\"6\u00a0Minuten\">\n<script type=\"application\/ld+json\" class=\"yoast-schema-graph\">{\"@context\":\"https:\/\/schema.org\",\"@graph\":[{\"@type\":\"WebSite\",\"@id\":\"https:\/\/orthopaedie-harlaching.de\/wp20\/#website\",\"url\":\"https:\/\/orthopaedie-harlaching.de\/wp20\/\",\"name\":\"Orthop\\u00e4dische Praxis M\\u00fcnchen-Harlaching\",\"description\":\"Dr. med. Dietmar M\\u00fcller\",\"potentialAction\":[{\"@type\":\"SearchAction\",\"target\":\"https:\/\/orthopaedie-harlaching.de\/wp20\/?s={search_term_string}\",\"query-input\":\"required name=search_term_string\"}],\"inLanguage\":\"de\"},{\"@type\":\"WebPage\",\"@id\":\"https:\/\/orthopaedie-harlaching.de\/wp20\/sozialmedizinische-beratung\/#webpage\",\"url\":\"https:\/\/orthopaedie-harlaching.de\/wp20\/sozialmedizinische-beratung\/\",\"name\":\"Sozialmedizinische Beratung - Orthop\\u00e4dische Praxis M\\u00fcnchen-Harlaching\",\"isPartOf\":{\"@id\":\"https:\/\/orthopaedie-harlaching.de\/wp20\/#website\"},\"datePublished\":\"2020-03-30T12:13:57+00:00\",\"dateModified\":\"2020-03-30T12:13:57+00:00\",\"breadcrumb\":{\"@id\":\"https:\/\/orthopaedie-harlaching.de\/wp20\/sozialmedizinische-beratung\/#breadcrumb\"},\"inLanguage\":\"de\",\"potentialAction\":[{\"@type\":\"ReadAction\",\"target\":[\"https:\/\/orthopaedie-harlaching.de\/wp20\/sozialmedizinische-beratung\/\"]}]},{\"@type\":\"BreadcrumbList\",\"@id\":\"https:\/\/orthopaedie-harlaching.de\/wp20\/sozialmedizinische-beratung\/#breadcrumb\",\"itemListElement\":[{\"@type\":\"ListItem\",\"position\":1,\"item\":{\"@type\":\"WebPage\",\"@id\":\"https:\/\/orthopaedie-harlaching.de\/wp20\/\",\"url\":\"https:\/\/orthopaedie-harlaching.de\/wp20\/\",\"name\":\"Startseite\"}},{\"@type\":\"ListItem\",\"position\":2,\"item\":{\"@type\":\"WebPage\",\"@id\":\"https:\/\/orthopaedie-harlaching.de\/wp20\/sozialmedizinische-beratung\/\",\"url\":\"https:\/\/orthopaedie-harlaching.de\/wp20\/sozialmedizinische-beratung\/\",\"name\":\"Sozialmedizinische Beratung\"}}]}]}<\/script>\n<!-- \/ Yoast SEO plugin. -->","_links":{"self":[{"href":"https:\/\/orthopaedie-harlaching.de\/wp20\/wp-json\/wp\/v2\/pages\/36"}],"collection":[{"href":"https:\/\/orthopaedie-harlaching.de\/wp20\/wp-json\/wp\/v2\/pages"}],"about":[{"href":"https:\/\/orthopaedie-harlaching.de\/wp20\/wp-json\/wp\/v2\/types\/page"}],"author":[{"embeddable":true,"href":"https:\/\/orthopaedie-harlaching.de\/wp20\/wp-json\/wp\/v2\/users\/1"}],"replies":[{"embeddable":true,"href":"https:\/\/orthopaedie-harlaching.de\/wp20\/wp-json\/wp\/v2\/comments?post=36"}],"version-history":[{"count":1,"href":"https:\/\/orthopaedie-harlaching.de\/wp20\/wp-json\/wp\/v2\/pages\/36\/revisions"}],"predecessor-version":[{"id":37,"href":"https:\/\/orthopaedie-harlaching.de\/wp20\/wp-json\/wp\/v2\/pages\/36\/revisions\/37"}],"wp:attachment":[{"href":"https:\/\/orthopaedie-harlaching.de\/wp20\/wp-json\/wp\/v2\/media?parent=36"}],"curies":[{"name":"wp","href":"https:\/\/api.w.org\/{rel}","templated":true}]}}